{"id":450,"date":"2024-10-08T13:38:28","date_gmt":"2024-10-08T11:38:28","guid":{"rendered":"http:\/\/www.ciercofinques.com.mialias.net\/seguros\/"},"modified":"2024-11-23T18:47:21","modified_gmt":"2024-11-23T17:47:21","slug":"seguros","status":"publish","type":"page","link":"https:\/\/lluisciercoles.com\/es\/seguros\/","title":{"rendered":"Seguros"},"content":{"rendered":"\t\t<div data-elementor-type=\"wp-page\" data-elementor-id=\"450\" class=\"elementor elementor-450 elementor-374\" data-elementor-post-type=\"page\">\n\t\t\t\t<div class=\"elementor-element elementor-element-19a1625 e-con-full e-flex e-con e-parent\" data-id=\"19a1625\" data-element_type=\"container\">\n\t\t<div class=\"elementor-element elementor-element-17681a0 e-con-full e-flex e-con e-child\" data-id=\"17681a0\" data-element_type=\"container\" data-settings=\"{&quot;background_background&quot;:&quot;classic&quot;}\">\n\t\t\t\t<div class=\"elementor-element elementor-element-7830e26 elementor-widget__width-initial elementor-view-default elementor-position-top elementor-mobile-position-top elementor-widget elementor-widget-icon-box\" data-id=\"7830e26\" data-element_type=\"widget\" data-widget_type=\"icon-box.default\">\n\t\t\t\t<div class=\"elementor-widget-container\">\n\t\t\t\t\t<div class=\"elementor-icon-box-wrapper\">\n\n\t\t\t\t\t\t<div class=\"elementor-icon-box-icon\">\n\t\t\t\t<span  class=\"elementor-icon elementor-animation-\">\n\t\t\t\t<svg xmlns=\"http:\/\/www.w3.org\/2000\/svg\" xmlns:xlink=\"http:\/\/www.w3.org\/1999\/xlink\" id=\"Capa_1\" viewBox=\"0 0 700 772.36\"><defs><style>      .cls-1 {        fill: none;      }      .cls-2 {        clip-path: url(#clippath);      }    <\/style><clipPath id=\"clippath\"><rect class=\"cls-1\" width=\"700\" height=\"772.36\"><\/rect><\/clipPath><\/defs><g class=\"cls-2\"><path d=\"M188.48,438.01l320.69,3.11h.12c3.31-.05,6.48-1.4,8.79-3.77,2.37-2.41,3.69-5.67,3.67-9.06v-221.08h38.77c5.25-.03,9.94-3.29,11.77-8.22,1.83-4.92.42-10.46-3.53-13.91L359.14,3.08c-4.71-4.1-11.73-4.1-16.45-.02l-210.16,181.99c-3.96,3.45-5.38,8.99-3.55,13.92,1.82,4.92,6.51,8.2,11.77,8.23h35.63v218.1c-.08,3.29,1.15,6.48,3.42,8.85,2.27,2.38,5.39,3.77,8.68,3.84h0ZM391.45,414.65l-80.06-.76v-92.08h80.06v92.84ZM496.64,415.61l-80.07-.74v-105.26c.11-3.32-1.11-6.55-3.39-8.98-2.27-2.42-5.42-3.83-8.74-3.94h-105.88c-6.95.19-12.44,5.97-12.28,12.92v104.05l-84.77-.79v-205.66h295.13v208.4ZM350.9,29.28l176.01,152.81H174.44L350.9,29.28ZM350.9,29.28\"><\/path><path d=\"M696.72,463.38c-22.98-26.53-62.74-30.32-90.33-8.61l-91.48,68.4c-19.02-23.15-49.02-34.28-78.54-29.14l-93.52,16.36c-14.9,2.59-30.19,1.79-44.74-2.33l-10.46-2.99c-53.74-15.43-111.64-3.42-154.79,32.14l-3.93-22.52c-1.2-6.83-7.71-11.4-14.54-10.21l-102.54,17.94c-6.83,1.2-11.39,7.71-10.21,14.54l39.36,225.01c1.2,6.83,7.7,11.4,14.54,10.2l102.54-17.94c6.83-1.19,11.4-7.7,10.21-14.53l-2-11.45,23.91-19.42c9.37-7.8,21.41-11.66,33.57-10.73l167.22,12.22c.28.02.55.04.84.04h1.03c36.9-.08,72.82-11.83,102.62-33.6.48-.35.93-.74,1.36-1.16l199.16-195.01c4.76-4.65,5.06-12.19.7-17.21h0ZM63.61,745.27l-35.03-200.27,77.78-13.61,35.04,200.28-77.79,13.6ZM479.92,657.41c-25.31,18.4-55.76,28.41-87.06,28.61h-.47l-166.78-12.58c-18.56-1.47-36.97,4.33-51.33,16.17l-12.95,10.42-23.34-133.52c37.22-37.56,91.96-51.84,142.79-37.25l10.45,2.96c18.2,5.15,37.32,6.14,55.95,2.91l93.5-16.36c26.79-4.66,53.23,9.89,63.63,35.01l-139.99,24.49c-4.44.74-8.15,3.82-9.72,8.04-1.56,4.23-.73,8.98,2.18,12.43,2.91,3.45,7.44,5.08,11.87,4.27l153.72-26.89c6.83-1.2,11.4-7.71,10.21-14.53-1-5.73-2.6-11.33-4.77-16.72l93.74-70.09.26-.2c13.57-10.65,32.4-11.56,46.95-2.27l-188.84,185.1ZM479.92,657.41\"><\/path><\/g><\/svg>\t\t\t\t<\/span>\n\t\t\t<\/div>\n\t\t\t\n\t\t\t\t\t\t<div class=\"elementor-icon-box-content\">\n\n\t\t\t\t\t\t\t\t\t<h3 class=\"elementor-icon-box-title\">\n\t\t\t\t\t\t<span  >\n\t\t\t\t\t\t\tSeguros\t\t\t\t\t\t<\/span>\n\t\t\t\t\t<\/h3>\n\t\t\t\t\n\t\t\t\t\t\t\t\t\t<p class=\"elementor-icon-box-description\">\n\t\t\t\t\t\tColaboramos con las mejores corredur\u00edas para ofrecer los mejores productos para las necesidades de nuestros clientes.<br> Si necesita cualquier tipo de seguro, no dude en contactarnos.<br> Deje su seguridad en nuestras manos.\t\t\t\t\t<\/p>\n\t\t\t\t\n\t\t\t<\/div>\n\t\t\t\n\t\t<\/div>\n\t\t\t\t<\/div>\n\t\t\t\t<\/div>\n\t\t\t\t<div class=\"elementor-element elementor-element-aeceb6e elementor-widget elementor-widget-button\" data-id=\"aeceb6e\" data-element_type=\"widget\" data-widget_type=\"button.default\">\n\t\t\t\t<div class=\"elementor-widget-container\">\n\t\t\t\t\t\t\t<div class=\"elementor-button-wrapper\">\n\t\t\t\t\t<a class=\"elementor-button elementor-button-link elementor-size-sm\" href=\"https:\/\/lluisciercoles.com\/es\/contacto\/\">\n\t\t\t\t\t\t<span class=\"elementor-button-content-wrapper\">\n\t\t\t\t\t\t\t\t\t<span class=\"elementor-button-text\">Contacto<\/span>\n\t\t\t\t\t<\/span>\n\t\t\t\t\t<\/a>\n\t\t\t\t<\/div>\n\t\t\t\t\t\t<\/div>\n\t\t\t\t<\/div>\n\t\t\t\t<\/div>\n\t\t<div class=\"elementor-element elementor-element-279ae48 e-con-full e-flex e-con e-child\" data-id=\"279ae48\" data-element_type=\"container\" data-settings=\"{&quot;background_background&quot;:&quot;classic&quot;}\">\n\t\t\t\t<\/div>\n\t\t\t\t<\/div>\n\t\t\t\t<\/div>\n\t\t","protected":false},"excerpt":{"rendered":"<p>Seguros Colaboramos con las mejores corredur\u00edas para ofrecer los mejores productos para las necesidades de nuestros clientes. Si necesita cualquier tipo de seguro, no dude en contactarnos. Deje su seguridad en nuestras manos. Contacto<\/p>\n","protected":false},"author":1,"featured_media":0,"parent":0,"menu_order":0,"comment_status":"closed","ping_status":"closed","template":"","meta":{"footnotes":""},"class_list":["post-450","page","type-page","status-publish","hentry"],"yoast_head":"<!-- This site is optimized with the Yoast SEO plugin v24.0 - https:\/\/yoast.com\/wordpress\/plugins\/seo\/ -->\n<title>Seguros - Cierco Finques<\/title>\n<meta name=\"robots\" content=\"index, follow, max-snippet:-1, max-image-preview:large, max-video-preview:-1\" \/>\n<link rel=\"canonical\" href=\"https:\/\/lluisciercoles.com\/assegurances\/\" \/>\n<meta property=\"og:locale\" content=\"es_ES\" \/>\n<meta property=\"og:type\" content=\"article\" \/>\n<meta property=\"og:title\" content=\"Seguros - Cierco Finques\" \/>\n<meta property=\"og:description\" content=\"Seguros Colaboramos con las mejores corredur\u00edas para ofrecer los mejores productos para las necesidades de nuestros clientes. Si necesita cualquier tipo de seguro, no dude en contactarnos. Deje su seguridad en nuestras manos. Contacto\" \/>\n<meta property=\"og:url\" content=\"https:\/\/lluisciercoles.com\/assegurances\/\" \/>\n<meta property=\"og:site_name\" content=\"Cierco Finques\" \/>\n<meta property=\"article:modified_time\" content=\"2024-11-23T17:47:21+00:00\" \/>\n<meta name=\"twitter:card\" content=\"summary_large_image\" \/>\n<script type=\"application\/ld+json\" class=\"yoast-schema-graph\">{\"@context\":\"https:\/\/schema.org\",\"@graph\":[{\"@type\":\"WebPage\",\"@id\":\"https:\/\/lluisciercoles.com\/assegurances\/\",\"url\":\"https:\/\/lluisciercoles.com\/assegurances\/\",\"name\":\"Seguros - Cierco Finques\",\"isPartOf\":{\"@id\":\"https:\/\/lluisciercoles.com\/#website\"},\"datePublished\":\"2024-10-08T11:38:28+00:00\",\"dateModified\":\"2024-11-23T17:47:21+00:00\",\"breadcrumb\":{\"@id\":\"https:\/\/lluisciercoles.com\/assegurances\/#breadcrumb\"},\"inLanguage\":\"ES\",\"potentialAction\":[{\"@type\":\"ReadAction\",\"target\":[\"https:\/\/lluisciercoles.com\/assegurances\/\"]}]},{\"@type\":\"BreadcrumbList\",\"@id\":\"https:\/\/lluisciercoles.com\/assegurances\/#breadcrumb\",\"itemListElement\":[{\"@type\":\"ListItem\",\"position\":1,\"name\":\"Inici\",\"item\":\"https:\/\/lluisciercoles.com\/es\/inicio\/\"},{\"@type\":\"ListItem\",\"position\":2,\"name\":\"Seguros\"}]},{\"@type\":\"WebSite\",\"@id\":\"https:\/\/lluisciercoles.com\/#website\",\"url\":\"https:\/\/lluisciercoles.com\/\",\"name\":\"Llu\u00eds Ci\u00e9rcoles\",\"description\":\"Lluis Ci\u00e9rcoles. Administrador de finques\",\"publisher\":{\"@id\":\"https:\/\/lluisciercoles.com\/#organization\"},\"potentialAction\":[{\"@type\":\"SearchAction\",\"target\":{\"@type\":\"EntryPoint\",\"urlTemplate\":\"https:\/\/lluisciercoles.com\/?s={search_term_string}\"},\"query-input\":{\"@type\":\"PropertyValueSpecification\",\"valueRequired\":true,\"valueName\":\"search_term_string\"}}],\"inLanguage\":\"ES\"},{\"@type\":\"Organization\",\"@id\":\"https:\/\/lluisciercoles.com\/#organization\",\"name\":\"Llu\u00eds Ci\u00e9rcoles\",\"url\":\"https:\/\/lluisciercoles.com\/\",\"logo\":{\"@type\":\"ImageObject\",\"inLanguage\":\"ES\",\"@id\":\"https:\/\/lluisciercoles.com\/#\/schema\/logo\/image\/\",\"url\":\"https:\/\/lluisciercoles.com\/wp-content\/uploads\/2024\/09\/Lluis-Ciercoles-Logotip-H-Color.png\",\"contentUrl\":\"https:\/\/lluisciercoles.com\/wp-content\/uploads\/2024\/09\/Lluis-Ciercoles-Logotip-H-Color.png\",\"width\":1100,\"height\":296,\"caption\":\"Llu\u00eds Ci\u00e9rcoles\"},\"image\":{\"@id\":\"https:\/\/lluisciercoles.com\/#\/schema\/logo\/image\/\"}}]}<\/script>\n<!-- \/ Yoast SEO plugin. -->","yoast_head_json":{"title":"Seguros - Cierco Finques","robots":{"index":"index","follow":"follow","max-snippet":"max-snippet:-1","max-image-preview":"max-image-preview:large","max-video-preview":"max-video-preview:-1"},"canonical":"https:\/\/lluisciercoles.com\/assegurances\/","og_locale":"es_ES","og_type":"article","og_title":"Seguros - Cierco Finques","og_description":"Seguros Colaboramos con las mejores corredur\u00edas para ofrecer los mejores productos para las necesidades de nuestros clientes. Si necesita cualquier tipo de seguro, no dude en contactarnos. Deje su seguridad en nuestras manos. Contacto","og_url":"https:\/\/lluisciercoles.com\/assegurances\/","og_site_name":"Cierco Finques","article_modified_time":"2024-11-23T17:47:21+00:00","twitter_card":"summary_large_image","schema":{"@context":"https:\/\/schema.org","@graph":[{"@type":"WebPage","@id":"https:\/\/lluisciercoles.com\/assegurances\/","url":"https:\/\/lluisciercoles.com\/assegurances\/","name":"Seguros - Cierco Finques","isPartOf":{"@id":"https:\/\/lluisciercoles.com\/#website"},"datePublished":"2024-10-08T11:38:28+00:00","dateModified":"2024-11-23T17:47:21+00:00","breadcrumb":{"@id":"https:\/\/lluisciercoles.com\/assegurances\/#breadcrumb"},"inLanguage":"ES","potentialAction":[{"@type":"ReadAction","target":["https:\/\/lluisciercoles.com\/assegurances\/"]}]},{"@type":"BreadcrumbList","@id":"https:\/\/lluisciercoles.com\/assegurances\/#breadcrumb","itemListElement":[{"@type":"ListItem","position":1,"name":"Inici","item":"https:\/\/lluisciercoles.com\/es\/inicio\/"},{"@type":"ListItem","position":2,"name":"Seguros"}]},{"@type":"WebSite","@id":"https:\/\/lluisciercoles.com\/#website","url":"https:\/\/lluisciercoles.com\/","name":"Llu\u00eds Ci\u00e9rcoles","description":"Lluis Ci\u00e9rcoles. Administrador de finques","publisher":{"@id":"https:\/\/lluisciercoles.com\/#organization"},"potentialAction":[{"@type":"SearchAction","target":{"@type":"EntryPoint","urlTemplate":"https:\/\/lluisciercoles.com\/?s={search_term_string}"},"query-input":{"@type":"PropertyValueSpecification","valueRequired":true,"valueName":"search_term_string"}}],"inLanguage":"ES"},{"@type":"Organization","@id":"https:\/\/lluisciercoles.com\/#organization","name":"Llu\u00eds Ci\u00e9rcoles","url":"https:\/\/lluisciercoles.com\/","logo":{"@type":"ImageObject","inLanguage":"ES","@id":"https:\/\/lluisciercoles.com\/#\/schema\/logo\/image\/","url":"https:\/\/lluisciercoles.com\/wp-content\/uploads\/2024\/09\/Lluis-Ciercoles-Logotip-H-Color.png","contentUrl":"https:\/\/lluisciercoles.com\/wp-content\/uploads\/2024\/09\/Lluis-Ciercoles-Logotip-H-Color.png","width":1100,"height":296,"caption":"Llu\u00eds Ci\u00e9rcoles"},"image":{"@id":"https:\/\/lluisciercoles.com\/#\/schema\/logo\/image\/"}}]}},"_links":{"self":[{"href":"https:\/\/lluisciercoles.com\/es\/wp-json\/wp\/v2\/pages\/450","targetHints":{"allow":["GET"]}}],"collection":[{"href":"https:\/\/lluisciercoles.com\/es\/wp-json\/wp\/v2\/pages"}],"about":[{"href":"https:\/\/lluisciercoles.com\/es\/wp-json\/wp\/v2\/types\/page"}],"author":[{"embeddable":true,"href":"https:\/\/lluisciercoles.com\/es\/wp-json\/wp\/v2\/users\/1"}],"replies":[{"embeddable":true,"href":"https:\/\/lluisciercoles.com\/es\/wp-json\/wp\/v2\/comments?post=450"}],"version-history":[{"count":2,"href":"https:\/\/lluisciercoles.com\/es\/wp-json\/wp\/v2\/pages\/450\/revisions"}],"predecessor-version":[{"id":492,"href":"https:\/\/lluisciercoles.com\/es\/wp-json\/wp\/v2\/pages\/450\/revisions\/492"}],"wp:attachment":[{"href":"https:\/\/lluisciercoles.com\/es\/wp-json\/wp\/v2\/media?parent=450"}],"curies":[{"name":"wp","href":"https:\/\/api.w.org\/{rel}","templated":true}]}}