{"id":517,"date":"2024-09-26T15:55:09","date_gmt":"2024-09-26T13:55:09","guid":{"rendered":"http:\/\/www.ciercofinques.com.mialias.net\/contacto\/"},"modified":"2024-12-18T10:21:11","modified_gmt":"2024-12-18T09:21:11","slug":"contacto","status":"publish","type":"page","link":"https:\/\/lluisciercoles.com\/es\/contacto\/","title":{"rendered":"Contacto"},"content":{"rendered":"\t\t<div data-elementor-type=\"wp-page\" data-elementor-id=\"517\" class=\"elementor elementor-517 elementor-206\" data-elementor-post-type=\"page\">\n\t\t\t\t<div class=\"elementor-element elementor-element-f3ba2c1 e-con-full e-flex e-con e-parent\" data-id=\"f3ba2c1\" data-element_type=\"container\">\n\t\t<div class=\"elementor-element elementor-element-7aa6c9b e-con-full e-flex e-con e-child\" data-id=\"7aa6c9b\" data-element_type=\"container\" data-settings=\"{&quot;background_background&quot;:&quot;classic&quot;}\">\n\t\t\t\t<\/div>\n\t\t<div class=\"elementor-element elementor-element-a6c46a5 e-con-full e-flex e-con e-child\" data-id=\"a6c46a5\" data-element_type=\"container\">\n\t\t<div class=\"elementor-element elementor-element-7e72f34 e-con-full e-flex e-con e-child\" data-id=\"7e72f34\" data-element_type=\"container\">\n\t\t\t\t<div class=\"elementor-element elementor-element-454d093 elementor-widget__width-initial elementor-widget elementor-widget-heading\" data-id=\"454d093\" data-element_type=\"widget\" data-widget_type=\"heading.default\">\n\t\t\t\t<div class=\"elementor-widget-container\">\n\t\t\t<h2 class=\"elementor-heading-title elementor-size-default\">Deja tu comunidad en nuestras manos<\/h2>\t\t<\/div>\n\t\t\t\t<\/div>\n\t\t<div class=\"elementor-element elementor-element-16e3b85 e-con-full e-flex e-con e-child\" data-id=\"16e3b85\" data-element_type=\"container\" data-settings=\"{&quot;background_background&quot;:&quot;classic&quot;}\">\n\t\t\t\t<div class=\"elementor-element elementor-element-3f1120d elementor-widget__width-initial elementor-view-default elementor-position-top elementor-mobile-position-top elementor-widget elementor-widget-icon-box\" data-id=\"3f1120d\" data-element_type=\"widget\" data-widget_type=\"icon-box.default\">\n\t\t\t\t<div class=\"elementor-widget-container\">\n\t\t\t\t\t<div class=\"elementor-icon-box-wrapper\">\n\n\t\t\t\t\t\t<div class=\"elementor-icon-box-icon\">\n\t\t\t\t<a href=\"https:\/\/wa.me\/937210217\" class=\"elementor-icon elementor-animation-\" tabindex=\"-1\">\n\t\t\t\t<i aria-hidden=\"true\" class=\"fab fa-whatsapp\"><\/i>\t\t\t\t<\/a>\n\t\t\t<\/div>\n\t\t\t\n\t\t\t\t\t\t<div class=\"elementor-icon-box-content\">\n\n\t\t\t\t\t\t\t\t\t<h3 class=\"elementor-icon-box-title\">\n\t\t\t\t\t\t<a href=\"https:\/\/wa.me\/937210217\" >\n\t\t\t\t\t\t\t937 210 217\t\t\t\t\t\t<\/a>\n\t\t\t\t\t<\/h3>\n\t\t\t\t\n\t\t\t\t\n\t\t\t<\/div>\n\t\t\t\n\t\t<\/div>\n\t\t\t\t<\/div>\n\t\t\t\t<\/div>\n\t\t\t\t<div class=\"elementor-element elementor-element-767592b elementor-widget__width-initial elementor-widget elementor-widget-icon-box\" data-id=\"767592b\" data-element_type=\"widget\" data-widget_type=\"icon-box.default\">\n\t\t\t\t<div class=\"elementor-widget-container\">\n\t\t\t\t\t<div class=\"elementor-icon-box-wrapper\">\n\n\t\t\t\n\t\t\t\t\t\t<div class=\"elementor-icon-box-content\">\n\n\t\t\t\t\t\t\t\t\t<h3 class=\"elementor-icon-box-title\">\n\t\t\t\t\t\t<a href=\"mailto:info@cisfinques.com\" >\n\t\t\t\t\t\t\tinfo@cisfinques.com\t\t\t\t\t\t<\/a>\n\t\t\t\t\t<\/h3>\n\t\t\t\t\n\t\t\t\t\n\t\t\t<\/div>\n\t\t\t\n\t\t<\/div>\n\t\t\t\t<\/div>\n\t\t\t\t<\/div>\n\t\t\t\t<div class=\"elementor-element elementor-element-62e9f05 elementor-widget__width-initial elementor-widget elementor-widget-icon-box\" data-id=\"62e9f05\" data-element_type=\"widget\" data-widget_type=\"icon-box.default\">\n\t\t\t\t<div class=\"elementor-widget-container\">\n\t\t\t\t\t<div class=\"elementor-icon-box-wrapper\">\n\n\t\t\t\n\t\t\t\t\t\t<div class=\"elementor-icon-box-content\">\n\n\t\t\t\t\t\t\t\t\t<h3 class=\"elementor-icon-box-title\">\n\t\t\t\t\t\t<a href=\"https:\/\/maps.app.goo.gl\/T4o9dFP2KZEaZwdY9\" >\n\t\t\t\t\t\t\tAv. Pau Casals, 14 Bajos 08192, Sant Quirze del Vall\u00e8s\t\t\t\t\t\t<\/a>\n\t\t\t\t\t<\/h3>\n\t\t\t\t\n\t\t\t\t\n\t\t\t<\/div>\n\t\t\t\n\t\t<\/div>\n\t\t\t\t<\/div>\n\t\t\t\t<\/div>\n\t\t\t\t<\/div>\n\t\t\t\t<\/div>\n\t\t<div class=\"elementor-element elementor-element-b701c14 e-con-full e-flex e-con e-child\" data-id=\"b701c14\" data-element_type=\"container\">\n\t\t\t\t<div class=\"elementor-element elementor-element-af729ef elementor-widget__width-initial elementor-widget elementor-widget-heading\" data-id=\"af729ef\" data-element_type=\"widget\" data-widget_type=\"heading.default\">\n\t\t\t\t<div class=\"elementor-widget-container\">\n\t\t\t<h2 class=\"elementor-heading-title elementor-size-default\">Rellena el formulario y te daremos respuesta en 24h.<\/h2>\t\t<\/div>\n\t\t\t\t<\/div>\n\t\t\t\t<div class=\"elementor-element elementor-element-4ac404a elementor-button-align-end elementor-widget elementor-widget-form\" data-id=\"4ac404a\" data-element_type=\"widget\" data-settings=\"{&quot;step_next_label&quot;:&quot;Siguiente&quot;,&quot;step_previous_label&quot;:&quot;Anterior&quot;,&quot;button_width&quot;:&quot;100&quot;,&quot;step_type&quot;:&quot;number_text&quot;,&quot;step_icon_shape&quot;:&quot;circle&quot;}\" data-widget_type=\"form.default\">\n\t\t\t\t<div class=\"elementor-widget-container\">\n\t\t\t\t\t<form class=\"elementor-form\" method=\"post\" name=\"Nuevo formulario\">\n\t\t\t<input type=\"hidden\" name=\"post_id\" value=\"517\"\/>\n\t\t\t<input type=\"hidden\" name=\"form_id\" value=\"4ac404a\"\/>\n\t\t\t<input type=\"hidden\" name=\"referer_title\" value=\"Cierco Finques\" \/>\n\n\t\t\t\n\t\t\t<div class=\"elementor-form-fields-wrapper elementor-labels-above\">\n\t\t\t\t\t\t\t\t<div class=\"elementor-field-type-text elementor-field-group elementor-column elementor-field-group-email elementor-col-50 elementor-field-required\">\n\t\t\t\t\t\t\t\t\t\t\t\t\t<input size=\"1\" type=\"text\" name=\"form_fields[email]\" id=\"form-field-email\" class=\"elementor-field elementor-size-sm  elementor-field-textual\" placeholder=\"Nombre y apellido\" required=\"required\" aria-required=\"true\">\n\t\t\t\t\t\t\t\t\t\t\t<\/div>\n\t\t\t\t\t\t\t\t<div class=\"elementor-field-type-tel elementor-field-group elementor-column elementor-field-group-field_90c2441 elementor-col-50 elementor-field-required\">\n\t\t\t\t\t\t\t<input size=\"1\" type=\"tel\" name=\"form_fields[field_90c2441]\" id=\"form-field-field_90c2441\" class=\"elementor-field elementor-size-sm  elementor-field-textual\" placeholder=\"Tel\u00e9fono\" required=\"required\" aria-required=\"true\" pattern=\"[0-9()#&amp;+*-=.]+\" title=\"Only numbers and phone characters (#, -, *, etc) are accepted.\">\n\n\t\t\t\t\t\t<\/div>\n\t\t\t\t\t\t\t\t<div class=\"elementor-field-type-email elementor-field-group elementor-column elementor-field-group-field_5fc1d1a elementor-col-50 elementor-field-required\">\n\t\t\t\t\t\t\t\t\t\t\t\t\t<input size=\"1\" type=\"email\" name=\"form_fields[field_5fc1d1a]\" id=\"form-field-field_5fc1d1a\" class=\"elementor-field elementor-size-sm  elementor-field-textual\" placeholder=\"Correo electr\u00f3nico\" required=\"required\" aria-required=\"true\">\n\t\t\t\t\t\t\t\t\t\t\t<\/div>\n\t\t\t\t\t\t\t\t<div class=\"elementor-field-type-text elementor-field-group elementor-column elementor-field-group-field_85de3b9 elementor-col-50 elementor-field-required\">\n\t\t\t\t\t\t\t\t\t\t\t\t\t<input size=\"1\" type=\"text\" name=\"form_fields[field_85de3b9]\" id=\"form-field-field_85de3b9\" class=\"elementor-field elementor-size-sm  elementor-field-textual\" placeholder=\"\u00bfD\u00f3nde est\u00e1 tu comunidad?\" required=\"required\" aria-required=\"true\">\n\t\t\t\t\t\t\t\t\t\t\t<\/div>\n\t\t\t\t\t\t\t\t<div class=\"elementor-field-type-text elementor-field-group elementor-column elementor-field-group-field_f1f1d4f elementor-col-50 elementor-field-required\">\n\t\t\t\t\t\t\t\t\t\t\t\t\t<input size=\"1\" type=\"text\" name=\"form_fields[field_f1f1d4f]\" id=\"form-field-field_f1f1d4f\" class=\"elementor-field elementor-size-sm  elementor-field-textual\" placeholder=\"\u00bfCu\u00e1l es la direcci\u00f3n de la comunidad?\" required=\"required\" aria-required=\"true\">\n\t\t\t\t\t\t\t\t\t\t\t<\/div>\n\t\t\t\t\t\t\t\t<div class=\"elementor-field-type-text elementor-field-group elementor-column elementor-field-group-field_a3bee47 elementor-col-50 elementor-field-required\">\n\t\t\t\t\t\t\t\t\t\t\t\t\t<input size=\"1\" type=\"text\" name=\"form_fields[field_a3bee47]\" id=\"form-field-field_a3bee47\" class=\"elementor-field elementor-size-sm  elementor-field-textual\" placeholder=\"\u00bfTiene servicio de portero\/conserje?\" required=\"required\" aria-required=\"true\">\n\t\t\t\t\t\t\t\t\t\t\t<\/div>\n\t\t\t\t\t\t\t\t<div class=\"elementor-field-type-text elementor-field-group elementor-column elementor-field-group-field_f285314 elementor-col-50 elementor-field-required\">\n\t\t\t\t\t\t\t\t\t\t\t\t\t<input size=\"1\" type=\"text\" name=\"form_fields[field_f285314]\" id=\"form-field-field_f285314\" class=\"elementor-field elementor-size-sm  elementor-field-textual\" placeholder=\"\u00bfCu\u00e1ntos pisos, locales, parkings y trasteros existen en la comunidad?\" required=\"required\" aria-required=\"true\">\n\t\t\t\t\t\t\t\t\t\t\t<\/div>\n\t\t\t\t\t\t\t\t<div class=\"elementor-field-type-text elementor-field-group elementor-column elementor-field-group-field_e2adfb6 elementor-col-50 elementor-field-required\">\n\t\t\t\t\t\t\t\t\t\t\t\t\t<input size=\"1\" type=\"text\" name=\"form_fields[field_e2adfb6]\" id=\"form-field-field_e2adfb6\" class=\"elementor-field elementor-size-sm  elementor-field-textual\" placeholder=\"\u00bfQu\u00e9 zonas o servicios extra tiene la comunidad?\" required=\"required\" aria-required=\"true\">\n\t\t\t\t\t\t\t\t\t\t\t<\/div>\n\t\t\t\t\t\t\t\t<div class=\"elementor-field-type-text elementor-field-group elementor-column elementor-field-group-field_f6e851c elementor-col-50 elementor-field-required\">\n\t\t\t\t\t\t\t\t\t\t\t\t\t<input size=\"1\" type=\"text\" name=\"form_fields[field_f6e851c]\" id=\"form-field-field_f6e851c\" class=\"elementor-field elementor-size-sm  elementor-field-textual\" placeholder=\"\u00bfActual administrador?  \" required=\"required\" aria-required=\"true\">\n\t\t\t\t\t\t\t\t\t\t\t<\/div>\n\t\t\t\t\t\t\t\t<div class=\"elementor-field-type-text elementor-field-group elementor-column elementor-field-group-field_755252c elementor-col-50 elementor-field-required\">\n\t\t\t\t\t\t\t\t\t\t\t\t\t<input size=\"1\" type=\"text\" name=\"form_fields[field_755252c]\" id=\"form-field-field_755252c\" class=\"elementor-field elementor-size-sm  elementor-field-textual\" placeholder=\"\u00bfCu\u00e1ntos ascensores existen?\" required=\"required\" aria-required=\"true\">\n\t\t\t\t\t\t\t\t\t\t\t<\/div>\n\t\t\t\t\t\t\t\t<div class=\"elementor-field-type-recaptcha_v3 elementor-field-group elementor-column elementor-field-group-field_7b03c23 elementor-col-100 recaptcha_v3-inline\">\n\t\t\t\t\t<div class=\"elementor-field\" id=\"form-field-field_7b03c23\"><div class=\"elementor-g-recaptcha\" data-sitekey=\"6Lc6OZ8qAAAAAF_WngIag2KCIhAFlQ0FzP1j2SQV\" data-type=\"v3\" data-action=\"Form\" data-badge=\"inline\" data-size=\"invisible\"><\/div><\/div>\t\t\t\t<\/div>\n\t\t\t\t\t\t\t\t<div class=\"elementor-field-type-text\">\n\t\t\t\t\t<input size=\"1\" type=\"text\" name=\"form_fields[field_61297b3]\" id=\"form-field-field_61297b3\" class=\"elementor-field elementor-size-sm \" style=\"display:none !important;\">\t\t\t\t<\/div>\n\t\t\t\t\t\t\t\t<div class=\"elementor-field-group elementor-column elementor-field-type-submit elementor-col-100 e-form__buttons\">\n\t\t\t\t\t<button class=\"elementor-button elementor-size-sm\" type=\"submit\">\n\t\t\t\t\t\t<span class=\"elementor-button-content-wrapper\">\n\t\t\t\t\t\t\t\t\t\t\t\t\t\t\t\t\t\t\t\t\t\t<span class=\"elementor-button-text\">Enviar<\/span>\n\t\t\t\t\t\t\t\t\t\t\t\t\t<\/span>\n\t\t\t\t\t<\/button>\n\t\t\t\t<\/div>\n\t\t\t<\/div>\n\t\t<\/form>\n\t\t\t\t<\/div>\n\t\t\t\t<\/div>\n\t\t\t\t<\/div>\n\t\t\t\t<\/div>\n\t\t\t\t<\/div>\n\t\t\t\t<\/div>\n\t\t","protected":false},"excerpt":{"rendered":"<p>Deja tu comunidad en nuestras manos 937 210 217 info@cisfinques.com Av. Pau Casals, 14 Bajos 08192, Sant Quirze del Vall\u00e8s Rellena el formulario y te daremos respuesta en 24h.<\/p>\n","protected":false},"author":1,"featured_media":0,"parent":0,"menu_order":0,"comment_status":"closed","ping_status":"closed","template":"","meta":{"footnotes":""},"class_list":["post-517","page","type-page","status-publish","hentry"],"yoast_head":"<!-- This site is optimized with the Yoast SEO plugin v24.0 - https:\/\/yoast.com\/wordpress\/plugins\/seo\/ -->\n<title>Contacto - Cierco Finques<\/title>\n<meta name=\"robots\" content=\"index, follow, max-snippet:-1, max-image-preview:large, max-video-preview:-1\" \/>\n<link rel=\"canonical\" href=\"https:\/\/lluisciercoles.com\/es\/contacto\/\" \/>\n<meta property=\"og:locale\" content=\"es_ES\" \/>\n<meta property=\"og:type\" content=\"article\" \/>\n<meta property=\"og:title\" content=\"Contacto - Cierco Finques\" \/>\n<meta property=\"og:description\" content=\"Deja tu comunidad en nuestras manos 937 210 217 info@cisfinques.com Av. Pau Casals, 14 Bajos 08192, Sant Quirze del Vall\u00e8s Rellena el formulario y te daremos respuesta en 24h.\" \/>\n<meta property=\"og:url\" content=\"https:\/\/lluisciercoles.com\/es\/contacto\/\" \/>\n<meta property=\"og:site_name\" content=\"Cierco Finques\" \/>\n<meta property=\"article:modified_time\" content=\"2024-12-18T09:21:11+00:00\" \/>\n<meta name=\"twitter:card\" content=\"summary_large_image\" \/>\n<script type=\"application\/ld+json\" class=\"yoast-schema-graph\">{\"@context\":\"https:\/\/schema.org\",\"@graph\":[{\"@type\":\"WebPage\",\"@id\":\"https:\/\/lluisciercoles.com\/es\/contacto\/\",\"url\":\"https:\/\/lluisciercoles.com\/es\/contacto\/\",\"name\":\"Contacto - Cierco Finques\",\"isPartOf\":{\"@id\":\"https:\/\/lluisciercoles.com\/#website\"},\"datePublished\":\"2024-09-26T13:55:09+00:00\",\"dateModified\":\"2024-12-18T09:21:11+00:00\",\"breadcrumb\":{\"@id\":\"https:\/\/lluisciercoles.com\/es\/contacto\/#breadcrumb\"},\"inLanguage\":\"ES\",\"potentialAction\":[{\"@type\":\"ReadAction\",\"target\":[\"https:\/\/lluisciercoles.com\/es\/contacto\/\"]}]},{\"@type\":\"BreadcrumbList\",\"@id\":\"https:\/\/lluisciercoles.com\/es\/contacto\/#breadcrumb\",\"itemListElement\":[{\"@type\":\"ListItem\",\"position\":1,\"name\":\"Inici\",\"item\":\"https:\/\/lluisciercoles.com\/es\/inicio\/\"},{\"@type\":\"ListItem\",\"position\":2,\"name\":\"Contacto\"}]},{\"@type\":\"WebSite\",\"@id\":\"https:\/\/lluisciercoles.com\/#website\",\"url\":\"https:\/\/lluisciercoles.com\/\",\"name\":\"Llu\u00eds Ci\u00e9rcoles\",\"description\":\"Lluis Ci\u00e9rcoles. Administrador de finques\",\"publisher\":{\"@id\":\"https:\/\/lluisciercoles.com\/#organization\"},\"potentialAction\":[{\"@type\":\"SearchAction\",\"target\":{\"@type\":\"EntryPoint\",\"urlTemplate\":\"https:\/\/lluisciercoles.com\/?s={search_term_string}\"},\"query-input\":{\"@type\":\"PropertyValueSpecification\",\"valueRequired\":true,\"valueName\":\"search_term_string\"}}],\"inLanguage\":\"ES\"},{\"@type\":\"Organization\",\"@id\":\"https:\/\/lluisciercoles.com\/#organization\",\"name\":\"Llu\u00eds Ci\u00e9rcoles\",\"url\":\"https:\/\/lluisciercoles.com\/\",\"logo\":{\"@type\":\"ImageObject\",\"inLanguage\":\"ES\",\"@id\":\"https:\/\/lluisciercoles.com\/#\/schema\/logo\/image\/\",\"url\":\"https:\/\/lluisciercoles.com\/wp-content\/uploads\/2024\/09\/Lluis-Ciercoles-Logotip-H-Color.png\",\"contentUrl\":\"https:\/\/lluisciercoles.com\/wp-content\/uploads\/2024\/09\/Lluis-Ciercoles-Logotip-H-Color.png\",\"width\":1100,\"height\":296,\"caption\":\"Llu\u00eds Ci\u00e9rcoles\"},\"image\":{\"@id\":\"https:\/\/lluisciercoles.com\/#\/schema\/logo\/image\/\"}}]}<\/script>\n<!-- \/ Yoast SEO plugin. -->","yoast_head_json":{"title":"Contacto - Cierco Finques","robots":{"index":"index","follow":"follow","max-snippet":"max-snippet:-1","max-image-preview":"max-image-preview:large","max-video-preview":"max-video-preview:-1"},"canonical":"https:\/\/lluisciercoles.com\/es\/contacto\/","og_locale":"es_ES","og_type":"article","og_title":"Contacto - Cierco Finques","og_description":"Deja tu comunidad en nuestras manos 937 210 217 info@cisfinques.com Av. Pau Casals, 14 Bajos 08192, Sant Quirze del Vall\u00e8s Rellena el formulario y te daremos respuesta en 24h.","og_url":"https:\/\/lluisciercoles.com\/es\/contacto\/","og_site_name":"Cierco Finques","article_modified_time":"2024-12-18T09:21:11+00:00","twitter_card":"summary_large_image","schema":{"@context":"https:\/\/schema.org","@graph":[{"@type":"WebPage","@id":"https:\/\/lluisciercoles.com\/es\/contacto\/","url":"https:\/\/lluisciercoles.com\/es\/contacto\/","name":"Contacto - Cierco Finques","isPartOf":{"@id":"https:\/\/lluisciercoles.com\/#website"},"datePublished":"2024-09-26T13:55:09+00:00","dateModified":"2024-12-18T09:21:11+00:00","breadcrumb":{"@id":"https:\/\/lluisciercoles.com\/es\/contacto\/#breadcrumb"},"inLanguage":"ES","potentialAction":[{"@type":"ReadAction","target":["https:\/\/lluisciercoles.com\/es\/contacto\/"]}]},{"@type":"BreadcrumbList","@id":"https:\/\/lluisciercoles.com\/es\/contacto\/#breadcrumb","itemListElement":[{"@type":"ListItem","position":1,"name":"Inici","item":"https:\/\/lluisciercoles.com\/es\/inicio\/"},{"@type":"ListItem","position":2,"name":"Contacto"}]},{"@type":"WebSite","@id":"https:\/\/lluisciercoles.com\/#website","url":"https:\/\/lluisciercoles.com\/","name":"Llu\u00eds Ci\u00e9rcoles","description":"Lluis Ci\u00e9rcoles. Administrador de finques","publisher":{"@id":"https:\/\/lluisciercoles.com\/#organization"},"potentialAction":[{"@type":"SearchAction","target":{"@type":"EntryPoint","urlTemplate":"https:\/\/lluisciercoles.com\/?s={search_term_string}"},"query-input":{"@type":"PropertyValueSpecification","valueRequired":true,"valueName":"search_term_string"}}],"inLanguage":"ES"},{"@type":"Organization","@id":"https:\/\/lluisciercoles.com\/#organization","name":"Llu\u00eds Ci\u00e9rcoles","url":"https:\/\/lluisciercoles.com\/","logo":{"@type":"ImageObject","inLanguage":"ES","@id":"https:\/\/lluisciercoles.com\/#\/schema\/logo\/image\/","url":"https:\/\/lluisciercoles.com\/wp-content\/uploads\/2024\/09\/Lluis-Ciercoles-Logotip-H-Color.png","contentUrl":"https:\/\/lluisciercoles.com\/wp-content\/uploads\/2024\/09\/Lluis-Ciercoles-Logotip-H-Color.png","width":1100,"height":296,"caption":"Llu\u00eds Ci\u00e9rcoles"},"image":{"@id":"https:\/\/lluisciercoles.com\/#\/schema\/logo\/image\/"}}]}},"_links":{"self":[{"href":"https:\/\/lluisciercoles.com\/es\/wp-json\/wp\/v2\/pages\/517","targetHints":{"allow":["GET"]}}],"collection":[{"href":"https:\/\/lluisciercoles.com\/es\/wp-json\/wp\/v2\/pages"}],"about":[{"href":"https:\/\/lluisciercoles.com\/es\/wp-json\/wp\/v2\/types\/page"}],"author":[{"embeddable":true,"href":"https:\/\/lluisciercoles.com\/es\/wp-json\/wp\/v2\/users\/1"}],"replies":[{"embeddable":true,"href":"https:\/\/lluisciercoles.com\/es\/wp-json\/wp\/v2\/comments?post=517"}],"version-history":[{"count":1,"href":"https:\/\/lluisciercoles.com\/es\/wp-json\/wp\/v2\/pages\/517\/revisions"}],"predecessor-version":[{"id":518,"href":"https:\/\/lluisciercoles.com\/es\/wp-json\/wp\/v2\/pages\/517\/revisions\/518"}],"wp:attachment":[{"href":"https:\/\/lluisciercoles.com\/es\/wp-json\/wp\/v2\/media?parent=517"}],"curies":[{"name":"wp","href":"https:\/\/api.w.org\/{rel}","templated":true}]}}