{"id":529,"date":"2024-09-26T15:56:56","date_gmt":"2024-09-26T13:56:56","guid":{"rendered":"http:\/\/www.ciercofinques.com.mialias.net\/nosotros\/"},"modified":"2024-11-25T11:33:03","modified_gmt":"2024-11-25T10:33:03","slug":"nosotros","status":"publish","type":"page","link":"https:\/\/lluisciercoles.com\/es\/nosotros\/","title":{"rendered":"Nosotros"},"content":{"rendered":"\t\t<div data-elementor-type=\"wp-page\" data-elementor-id=\"529\" class=\"elementor elementor-529 elementor-204\" data-elementor-post-type=\"page\">\n\t\t\t\t<div class=\"elementor-element elementor-element-2054331 e-con-full e-flex e-con e-parent\" data-id=\"2054331\" data-element_type=\"container\">\n\t\t<div class=\"elementor-element elementor-element-da15d3a e-con-full e-flex e-con e-child\" data-id=\"da15d3a\" data-element_type=\"container\">\n\t\t\t\t<div class=\"elementor-element elementor-element-a8e038a elementor-widget elementor-widget-heading\" data-id=\"a8e038a\" data-element_type=\"widget\" data-widget_type=\"heading.default\">\n\t\t\t\t<div class=\"elementor-widget-container\">\n\t\t\t<h2 class=\"elementor-heading-title elementor-size-default\">Nosotros<\/h2>\t\t<\/div>\n\t\t\t\t<\/div>\n\t\t\t\t<\/div>\n\t\t<div class=\"elementor-element elementor-element-1f97c6d e-con-full e-flex e-con e-child\" data-id=\"1f97c6d\" data-element_type=\"container\">\n\t\t\t\t<div class=\"elementor-element elementor-element-8d859c7 elementor-widget elementor-widget-heading\" data-id=\"8d859c7\" data-element_type=\"widget\" data-widget_type=\"heading.default\">\n\t\t\t\t<div class=\"elementor-widget-container\">\n\t\t\t<h2 class=\"elementor-heading-title elementor-size-default\">Situados en el coraz\u00f3n de Sant Quirze del Vall\u00e8s, somos el resultado de una larga trayectoria familiar y profesional y somos tu administraci\u00f3n de fincas de confianza.<\/h2>\t\t<\/div>\n\t\t\t\t<\/div>\n\t\t\t\t<\/div>\n\t\t\t\t<\/div>\n\t\t<div class=\"elementor-element elementor-element-187bf46 e-con-full e-flex e-con e-parent\" data-id=\"187bf46\" data-element_type=\"container\">\n\t\t<div class=\"elementor-element elementor-element-0891dd6 e-con-full e-flex e-con e-child\" data-id=\"0891dd6\" data-element_type=\"container\">\n\t\t\t\t<div class=\"elementor-element elementor-element-3b400e5 elementor-widget elementor-widget-image\" data-id=\"3b400e5\" data-element_type=\"widget\" data-widget_type=\"image.default\">\n\t\t\t\t<div class=\"elementor-widget-container\">\n\t\t\t\t\t\t\t\t\t\t\t\t\t<img fetchpriority=\"high\" decoding=\"async\" width=\"2000\" height=\"1333\" src=\"https:\/\/lluisciercoles.com\/wp-content\/uploads\/2024\/09\/Luis-Ciercoles-Foto-Equip.jpg\" class=\"attachment-full size-full wp-image-295\" alt=\"\" srcset=\"https:\/\/lluisciercoles.com\/wp-content\/uploads\/2024\/09\/Luis-Ciercoles-Foto-Equip.jpg 2000w, https:\/\/lluisciercoles.com\/wp-content\/uploads\/2024\/09\/Luis-Ciercoles-Foto-Equip-300x200.jpg 300w, https:\/\/lluisciercoles.com\/wp-content\/uploads\/2024\/09\/Luis-Ciercoles-Foto-Equip-1024x682.jpg 1024w, https:\/\/lluisciercoles.com\/wp-content\/uploads\/2024\/09\/Luis-Ciercoles-Foto-Equip-768x512.jpg 768w, https:\/\/lluisciercoles.com\/wp-content\/uploads\/2024\/09\/Luis-Ciercoles-Foto-Equip-1536x1024.jpg 1536w\" sizes=\"(max-width: 2000px) 100vw, 2000px\" \/>\t\t\t\t\t\t\t\t\t\t\t\t\t<\/div>\n\t\t\t\t<\/div>\n\t\t\t\t<\/div>\n\t\t\t\t<\/div>\n\t\t<div class=\"elementor-element elementor-element-a5bdf21 e-con-full e-flex e-con e-parent\" data-id=\"a5bdf21\" data-element_type=\"container\">\n\t\t\t\t<div class=\"elementor-element elementor-element-db7427d elementor-widget__width-initial elementor-view-default elementor-position-top elementor-mobile-position-top elementor-widget elementor-widget-icon-box\" data-id=\"db7427d\" data-element_type=\"widget\" data-widget_type=\"icon-box.default\">\n\t\t\t\t<div class=\"elementor-widget-container\">\n\t\t\t\t\t<div class=\"elementor-icon-box-wrapper\">\n\n\t\t\t\t\t\t<div class=\"elementor-icon-box-icon\">\n\t\t\t\t<span  class=\"elementor-icon elementor-animation-\">\n\t\t\t\t<i aria-hidden=\"true\" class=\"far fa-heart\"><\/i>\t\t\t\t<\/span>\n\t\t\t<\/div>\n\t\t\t\n\t\t\t\t\t\t<div class=\"elementor-icon-box-content\">\n\n\t\t\t\t\n\t\t\t\t\t\t\t\t\t<p class=\"elementor-icon-box-description\">\n\t\t\t\t\t\tM\u00e1s de 30 a\u00f1os dando soluciones\t\t\t\t\t<\/p>\n\t\t\t\t\n\t\t\t<\/div>\n\t\t\t\n\t\t<\/div>\n\t\t\t\t<\/div>\n\t\t\t\t<\/div>\n\t\t\t\t<div class=\"elementor-element elementor-element-791b6c0 elementor-widget__width-initial elementor-view-default elementor-position-top elementor-mobile-position-top elementor-widget elementor-widget-icon-box\" data-id=\"791b6c0\" data-element_type=\"widget\" data-widget_type=\"icon-box.default\">\n\t\t\t\t<div class=\"elementor-widget-container\">\n\t\t\t\t\t<div class=\"elementor-icon-box-wrapper\">\n\n\t\t\t\t\t\t<div class=\"elementor-icon-box-icon\">\n\t\t\t\t<span  class=\"elementor-icon elementor-animation-\">\n\t\t\t\t<i aria-hidden=\"true\" class=\"far fa-heart\"><\/i>\t\t\t\t<\/span>\n\t\t\t<\/div>\n\t\t\t\n\t\t\t\t\t\t<div class=\"elementor-icon-box-content\">\n\n\t\t\t\t\n\t\t\t\t\t\t\t\t\t<p class=\"elementor-icon-box-description\">\n\t\t\t\t\t\tEl aval de nuestros clientes satisfechos\t\t\t\t\t<\/p>\n\t\t\t\t\n\t\t\t<\/div>\n\t\t\t\n\t\t<\/div>\n\t\t\t\t<\/div>\n\t\t\t\t<\/div>\n\t\t\t\t<div class=\"elementor-element elementor-element-1617496 elementor-widget__width-initial elementor-widget-mobile__width-inherit elementor-view-default elementor-position-top elementor-mobile-position-top elementor-widget elementor-widget-icon-box\" data-id=\"1617496\" data-element_type=\"widget\" data-widget_type=\"icon-box.default\">\n\t\t\t\t<div class=\"elementor-widget-container\">\n\t\t\t\t\t<div class=\"elementor-icon-box-wrapper\">\n\n\t\t\t\t\t\t<div class=\"elementor-icon-box-icon\">\n\t\t\t\t<span  class=\"elementor-icon elementor-animation-\">\n\t\t\t\t<i aria-hidden=\"true\" class=\"far fa-heart\"><\/i>\t\t\t\t<\/span>\n\t\t\t<\/div>\n\t\t\t\n\t\t\t\t\t\t<div class=\"elementor-icon-box-content\">\n\n\t\t\t\t\n\t\t\t\t\t\t\t\t\t<p class=\"elementor-icon-box-description\">\n\t\t\t\t\t\tGrandes profesionales a su servicio  \t\t\t\t\t<\/p>\n\t\t\t\t\n\t\t\t<\/div>\n\t\t\t\n\t\t<\/div>\n\t\t\t\t<\/div>\n\t\t\t\t<\/div>\n\t\t\t\t<\/div>\n\t\t<div class=\"elementor-element elementor-element-ef4a64c e-con-full e-flex e-con e-parent\" data-id=\"ef4a64c\" data-element_type=\"container\">\n\t\t<div class=\"elementor-element elementor-element-4461ae7 e-con-full e-flex e-con e-child\" data-id=\"4461ae7\" data-element_type=\"container\">\n\t\t<div class=\"elementor-element elementor-element-f69e2eb e-con-full e-flex e-con e-child\" data-id=\"f69e2eb\" data-element_type=\"container\" data-settings=\"{&quot;background_background&quot;:&quot;classic&quot;}\">\n\t\t\t\t<div class=\"elementor-element elementor-element-656139a elementor-widget__width-initial elementor-widget elementor-widget-icon-box\" data-id=\"656139a\" data-element_type=\"widget\" data-widget_type=\"icon-box.default\">\n\t\t\t\t<div class=\"elementor-widget-container\">\n\t\t\t\t\t<div class=\"elementor-icon-box-wrapper\">\n\n\t\t\t\n\t\t\t\t\t\t<div class=\"elementor-icon-box-content\">\n\n\t\t\t\t\t\t\t\t\t<h3 class=\"elementor-icon-box-title\">\n\t\t\t\t\t\t<span  >\n\t\t\t\t\t\t\tFundada en 1987\t\t\t\t\t\t<\/span>\n\t\t\t\t\t<\/h3>\n\t\t\t\t\n\t\t\t\t\t\t\t\t\t<p class=\"elementor-icon-box-description\">\n\t\t\t\t\t\tEn nuestra empresa nos dedicamos tanto a la administraci\u00f3n, compra, venta y alquiler de inmuebles, como a los seguros.  <br><br>  Con la garant\u00eda que da el colegio de Agentes de la Propiedad Inmobiliaria y el de Administradores de fincas, Llu\u00eds Ci\u00e9rcoles Administrador de Fincas, ofrece sus servicios a todas aquellas personas que necesitan un administrador de fincas.\t\t\t\t\t<\/p>\n\t\t\t\t\n\t\t\t<\/div>\n\t\t\t\n\t\t<\/div>\n\t\t\t\t<\/div>\n\t\t\t\t<\/div>\n\t\t\t\t<\/div>\n\t\t<div class=\"elementor-element elementor-element-f21214c e-con-full e-flex e-con e-child\" data-id=\"f21214c\" data-element_type=\"container\" data-settings=\"{&quot;background_background&quot;:&quot;classic&quot;}\">\n\t\t\t\t<div class=\"elementor-element elementor-element-9e10741 logo1 elementor-widget elementor-widget-image\" data-id=\"9e10741\" data-element_type=\"widget\" data-widget_type=\"image.default\">\n\t\t\t\t<div class=\"elementor-widget-container\">\n\t\t\t\t\t\t\t\t\t\t\t\t\t<img decoding=\"async\" width=\"750\" height=\"313\" src=\"https:\/\/lluisciercoles.com\/wp-content\/uploads\/2024\/11\/Cierco-Finques-Logo-Api.png\" class=\"attachment-full size-full wp-image-557\" alt=\"\" srcset=\"https:\/\/lluisciercoles.com\/wp-content\/uploads\/2024\/11\/Cierco-Finques-Logo-Api.png 750w, https:\/\/lluisciercoles.com\/wp-content\/uploads\/2024\/11\/Cierco-Finques-Logo-Api-300x125.png 300w\" sizes=\"(max-width: 750px) 100vw, 750px\" \/>\t\t\t\t\t\t\t\t\t\t\t\t\t<\/div>\n\t\t\t\t<\/div>\n\t\t\t\t<div class=\"elementor-element elementor-element-c5bbfd5 logo2 elementor-widget elementor-widget-image\" data-id=\"c5bbfd5\" data-element_type=\"widget\" data-widget_type=\"image.default\">\n\t\t\t\t<div class=\"elementor-widget-container\">\n\t\t\t\t\t\t\t\t\t\t\t\t\t<img decoding=\"async\" width=\"1000\" height=\"126\" src=\"https:\/\/lluisciercoles.com\/wp-content\/uploads\/2024\/11\/Logo-administradors-finques-bw.png\" class=\"attachment-full size-full wp-image-559\" alt=\"\" srcset=\"https:\/\/lluisciercoles.com\/wp-content\/uploads\/2024\/11\/Logo-administradors-finques-bw.png 1000w, https:\/\/lluisciercoles.com\/wp-content\/uploads\/2024\/11\/Logo-administradors-finques-bw-300x38.png 300w, https:\/\/lluisciercoles.com\/wp-content\/uploads\/2024\/11\/Logo-administradors-finques-bw-768x97.png 768w\" sizes=\"(max-width: 1000px) 100vw, 1000px\" \/>\t\t\t\t\t\t\t\t\t\t\t\t\t<\/div>\n\t\t\t\t<\/div>\n\t\t\t\t<\/div>\n\t\t\t\t<\/div>\n\t\t\t\t<\/div>\n\t\t\t\t<\/div>\n\t\t","protected":false},"excerpt":{"rendered":"<p>Nosotros Situados en el coraz\u00f3n de Sant Quirze del Vall\u00e8s, somos el resultado de una larga trayectoria familiar y profesional y somos tu administraci\u00f3n de fincas de confianza. M\u00e1s de 30 a\u00f1os dando soluciones El aval de nuestros clientes satisfechos Grandes profesionales a su servicio Fundada en 1987 En nuestra empresa nos dedicamos tanto a [&hellip;]<\/p>\n","protected":false},"author":1,"featured_media":0,"parent":0,"menu_order":0,"comment_status":"closed","ping_status":"closed","template":"","meta":{"footnotes":""},"class_list":["post-529","page","type-page","status-publish","hentry"],"yoast_head":"<!-- This site is optimized with the Yoast SEO plugin v24.0 - https:\/\/yoast.com\/wordpress\/plugins\/seo\/ -->\n<title>Nosotros - Cierco Finques<\/title>\n<meta name=\"robots\" content=\"index, follow, max-snippet:-1, max-image-preview:large, max-video-preview:-1\" \/>\n<link rel=\"canonical\" href=\"https:\/\/lluisciercoles.com\/nosaltres\/\" \/>\n<meta property=\"og:locale\" content=\"es_ES\" \/>\n<meta property=\"og:type\" content=\"article\" \/>\n<meta property=\"og:title\" content=\"Nosotros - Cierco Finques\" \/>\n<meta property=\"og:description\" content=\"Nosotros Situados en el coraz\u00f3n de Sant Quirze del Vall\u00e8s, somos el resultado de una larga trayectoria familiar y profesional y somos tu administraci\u00f3n de fincas de confianza. M\u00e1s de 30 a\u00f1os dando soluciones El aval de nuestros clientes satisfechos Grandes profesionales a su servicio Fundada en 1987 En nuestra empresa nos dedicamos tanto a [&hellip;]\" \/>\n<meta property=\"og:url\" content=\"https:\/\/lluisciercoles.com\/nosaltres\/\" \/>\n<meta property=\"og:site_name\" content=\"Cierco Finques\" \/>\n<meta property=\"article:modified_time\" content=\"2024-11-25T10:33:03+00:00\" \/>\n<meta property=\"og:image\" content=\"https:\/\/lluisciercoles.com\/wp-content\/uploads\/2024\/09\/Luis-Ciercoles-Foto-Equip.jpg\" \/>\n<meta name=\"twitter:card\" content=\"summary_large_image\" \/>\n<meta name=\"twitter:label1\" content=\"Est. reading time\" \/>\n\t<meta name=\"twitter:data1\" content=\"1 minute\" \/>\n<script type=\"application\/ld+json\" class=\"yoast-schema-graph\">{\"@context\":\"https:\/\/schema.org\",\"@graph\":[{\"@type\":\"WebPage\",\"@id\":\"https:\/\/lluisciercoles.com\/nosaltres\/\",\"url\":\"https:\/\/lluisciercoles.com\/nosaltres\/\",\"name\":\"Nosotros - Cierco Finques\",\"isPartOf\":{\"@id\":\"https:\/\/lluisciercoles.com\/#website\"},\"primaryImageOfPage\":{\"@id\":\"https:\/\/lluisciercoles.com\/nosaltres\/#primaryimage\"},\"image\":{\"@id\":\"https:\/\/lluisciercoles.com\/nosaltres\/#primaryimage\"},\"thumbnailUrl\":\"https:\/\/lluisciercoles.com\/wp-content\/uploads\/2024\/09\/Luis-Ciercoles-Foto-Equip.jpg\",\"datePublished\":\"2024-09-26T13:56:56+00:00\",\"dateModified\":\"2024-11-25T10:33:03+00:00\",\"breadcrumb\":{\"@id\":\"https:\/\/lluisciercoles.com\/nosaltres\/#breadcrumb\"},\"inLanguage\":\"ES\",\"potentialAction\":[{\"@type\":\"ReadAction\",\"target\":[\"https:\/\/lluisciercoles.com\/nosaltres\/\"]}]},{\"@type\":\"ImageObject\",\"inLanguage\":\"ES\",\"@id\":\"https:\/\/lluisciercoles.com\/nosaltres\/#primaryimage\",\"url\":\"https:\/\/lluisciercoles.com\/wp-content\/uploads\/2024\/09\/Luis-Ciercoles-Foto-Equip.jpg\",\"contentUrl\":\"https:\/\/lluisciercoles.com\/wp-content\/uploads\/2024\/09\/Luis-Ciercoles-Foto-Equip.jpg\"},{\"@type\":\"BreadcrumbList\",\"@id\":\"https:\/\/lluisciercoles.com\/nosaltres\/#breadcrumb\",\"itemListElement\":[{\"@type\":\"ListItem\",\"position\":1,\"name\":\"Inici\",\"item\":\"https:\/\/lluisciercoles.com\/es\/inicio\/\"},{\"@type\":\"ListItem\",\"position\":2,\"name\":\"Nosotros\"}]},{\"@type\":\"WebSite\",\"@id\":\"https:\/\/lluisciercoles.com\/#website\",\"url\":\"https:\/\/lluisciercoles.com\/\",\"name\":\"Llu\u00eds Ci\u00e9rcoles\",\"description\":\"Lluis Ci\u00e9rcoles. Administrador de finques\",\"publisher\":{\"@id\":\"https:\/\/lluisciercoles.com\/#organization\"},\"potentialAction\":[{\"@type\":\"SearchAction\",\"target\":{\"@type\":\"EntryPoint\",\"urlTemplate\":\"https:\/\/lluisciercoles.com\/?s={search_term_string}\"},\"query-input\":{\"@type\":\"PropertyValueSpecification\",\"valueRequired\":true,\"valueName\":\"search_term_string\"}}],\"inLanguage\":\"ES\"},{\"@type\":\"Organization\",\"@id\":\"https:\/\/lluisciercoles.com\/#organization\",\"name\":\"Llu\u00eds Ci\u00e9rcoles\",\"url\":\"https:\/\/lluisciercoles.com\/\",\"logo\":{\"@type\":\"ImageObject\",\"inLanguage\":\"ES\",\"@id\":\"https:\/\/lluisciercoles.com\/#\/schema\/logo\/image\/\",\"url\":\"https:\/\/lluisciercoles.com\/wp-content\/uploads\/2024\/09\/Lluis-Ciercoles-Logotip-H-Color.png\",\"contentUrl\":\"https:\/\/lluisciercoles.com\/wp-content\/uploads\/2024\/09\/Lluis-Ciercoles-Logotip-H-Color.png\",\"width\":1100,\"height\":296,\"caption\":\"Llu\u00eds Ci\u00e9rcoles\"},\"image\":{\"@id\":\"https:\/\/lluisciercoles.com\/#\/schema\/logo\/image\/\"}}]}<\/script>\n<!-- \/ Yoast SEO plugin. -->","yoast_head_json":{"title":"Nosotros - Cierco Finques","robots":{"index":"index","follow":"follow","max-snippet":"max-snippet:-1","max-image-preview":"max-image-preview:large","max-video-preview":"max-video-preview:-1"},"canonical":"https:\/\/lluisciercoles.com\/nosaltres\/","og_locale":"es_ES","og_type":"article","og_title":"Nosotros - Cierco Finques","og_description":"Nosotros Situados en el coraz\u00f3n de Sant Quirze del Vall\u00e8s, somos el resultado de una larga trayectoria familiar y profesional y somos tu administraci\u00f3n de fincas de confianza. M\u00e1s de 30 a\u00f1os dando soluciones El aval de nuestros clientes satisfechos Grandes profesionales a su servicio Fundada en 1987 En nuestra empresa nos dedicamos tanto a [&hellip;]","og_url":"https:\/\/lluisciercoles.com\/nosaltres\/","og_site_name":"Cierco Finques","article_modified_time":"2024-11-25T10:33:03+00:00","og_image":[{"url":"https:\/\/lluisciercoles.com\/wp-content\/uploads\/2024\/09\/Luis-Ciercoles-Foto-Equip.jpg","type":"","width":"","height":""}],"twitter_card":"summary_large_image","twitter_misc":{"Est. reading time":"1 minute"},"schema":{"@context":"https:\/\/schema.org","@graph":[{"@type":"WebPage","@id":"https:\/\/lluisciercoles.com\/nosaltres\/","url":"https:\/\/lluisciercoles.com\/nosaltres\/","name":"Nosotros - Cierco Finques","isPartOf":{"@id":"https:\/\/lluisciercoles.com\/#website"},"primaryImageOfPage":{"@id":"https:\/\/lluisciercoles.com\/nosaltres\/#primaryimage"},"image":{"@id":"https:\/\/lluisciercoles.com\/nosaltres\/#primaryimage"},"thumbnailUrl":"https:\/\/lluisciercoles.com\/wp-content\/uploads\/2024\/09\/Luis-Ciercoles-Foto-Equip.jpg","datePublished":"2024-09-26T13:56:56+00:00","dateModified":"2024-11-25T10:33:03+00:00","breadcrumb":{"@id":"https:\/\/lluisciercoles.com\/nosaltres\/#breadcrumb"},"inLanguage":"ES","potentialAction":[{"@type":"ReadAction","target":["https:\/\/lluisciercoles.com\/nosaltres\/"]}]},{"@type":"ImageObject","inLanguage":"ES","@id":"https:\/\/lluisciercoles.com\/nosaltres\/#primaryimage","url":"https:\/\/lluisciercoles.com\/wp-content\/uploads\/2024\/09\/Luis-Ciercoles-Foto-Equip.jpg","contentUrl":"https:\/\/lluisciercoles.com\/wp-content\/uploads\/2024\/09\/Luis-Ciercoles-Foto-Equip.jpg"},{"@type":"BreadcrumbList","@id":"https:\/\/lluisciercoles.com\/nosaltres\/#breadcrumb","itemListElement":[{"@type":"ListItem","position":1,"name":"Inici","item":"https:\/\/lluisciercoles.com\/es\/inicio\/"},{"@type":"ListItem","position":2,"name":"Nosotros"}]},{"@type":"WebSite","@id":"https:\/\/lluisciercoles.com\/#website","url":"https:\/\/lluisciercoles.com\/","name":"Llu\u00eds Ci\u00e9rcoles","description":"Lluis Ci\u00e9rcoles. Administrador de finques","publisher":{"@id":"https:\/\/lluisciercoles.com\/#organization"},"potentialAction":[{"@type":"SearchAction","target":{"@type":"EntryPoint","urlTemplate":"https:\/\/lluisciercoles.com\/?s={search_term_string}"},"query-input":{"@type":"PropertyValueSpecification","valueRequired":true,"valueName":"search_term_string"}}],"inLanguage":"ES"},{"@type":"Organization","@id":"https:\/\/lluisciercoles.com\/#organization","name":"Llu\u00eds Ci\u00e9rcoles","url":"https:\/\/lluisciercoles.com\/","logo":{"@type":"ImageObject","inLanguage":"ES","@id":"https:\/\/lluisciercoles.com\/#\/schema\/logo\/image\/","url":"https:\/\/lluisciercoles.com\/wp-content\/uploads\/2024\/09\/Lluis-Ciercoles-Logotip-H-Color.png","contentUrl":"https:\/\/lluisciercoles.com\/wp-content\/uploads\/2024\/09\/Lluis-Ciercoles-Logotip-H-Color.png","width":1100,"height":296,"caption":"Llu\u00eds Ci\u00e9rcoles"},"image":{"@id":"https:\/\/lluisciercoles.com\/#\/schema\/logo\/image\/"}}]}},"_links":{"self":[{"href":"https:\/\/lluisciercoles.com\/es\/wp-json\/wp\/v2\/pages\/529","targetHints":{"allow":["GET"]}}],"collection":[{"href":"https:\/\/lluisciercoles.com\/es\/wp-json\/wp\/v2\/pages"}],"about":[{"href":"https:\/\/lluisciercoles.com\/es\/wp-json\/wp\/v2\/types\/page"}],"author":[{"embeddable":true,"href":"https:\/\/lluisciercoles.com\/es\/wp-json\/wp\/v2\/users\/1"}],"replies":[{"embeddable":true,"href":"https:\/\/lluisciercoles.com\/es\/wp-json\/wp\/v2\/comments?post=529"}],"version-history":[{"count":6,"href":"https:\/\/lluisciercoles.com\/es\/wp-json\/wp\/v2\/pages\/529\/revisions"}],"predecessor-version":[{"id":566,"href":"https:\/\/lluisciercoles.com\/es\/wp-json\/wp\/v2\/pages\/529\/revisions\/566"}],"wp:attachment":[{"href":"https:\/\/lluisciercoles.com\/es\/wp-json\/wp\/v2\/media?parent=529"}],"curies":[{"name":"wp","href":"https:\/\/api.w.org\/{rel}","templated":true}]}}