{"id":535,"date":"2024-09-26T15:48:28","date_gmt":"2024-09-26T13:48:28","guid":{"rendered":"http:\/\/www.ciercofinques.com.mialias.net\/servicios\/"},"modified":"2024-11-23T19:44:21","modified_gmt":"2024-11-23T18:44:21","slug":"servicios","status":"publish","type":"page","link":"https:\/\/lluisciercoles.com\/es\/servicios\/","title":{"rendered":"Servicios"},"content":{"rendered":"\t\t<div data-elementor-type=\"wp-page\" data-elementor-id=\"535\" class=\"elementor elementor-535 elementor-197\" data-elementor-post-type=\"page\">\n\t\t\t\t<div class=\"elementor-element elementor-element-9cbb9f5 e-con-full e-flex e-con e-parent\" data-id=\"9cbb9f5\" data-element_type=\"container\">\n\t\t<div class=\"elementor-element elementor-element-3bf6e5c e-con-full e-flex e-con e-child\" data-id=\"3bf6e5c\" data-element_type=\"container\" data-settings=\"{&quot;background_background&quot;:&quot;classic&quot;}\">\n\t\t\t\t<div class=\"elementor-element elementor-element-1c785f5 elementor-widget__width-initial elementor-widget elementor-widget-icon-box\" data-id=\"1c785f5\" data-element_type=\"widget\" data-widget_type=\"icon-box.default\">\n\t\t\t\t<div class=\"elementor-widget-container\">\n\t\t\t\t\t<div class=\"elementor-icon-box-wrapper\">\n\n\t\t\t\n\t\t\t\t\t\t<div class=\"elementor-icon-box-content\">\n\n\t\t\t\t\t\t\t\t\t<h3 class=\"elementor-icon-box-title\">\n\t\t\t\t\t\t<span  >\n\t\t\t\t\t\t\tServicios\t\t\t\t\t\t<\/span>\n\t\t\t\t\t<\/h3>\n\t\t\t\t\n\t\t\t\t\t\t\t\t\t<p class=\"elementor-icon-box-description\">\n\t\t\t\t\t\t\u00bfProblemas en tu comunidad?<br>  \u00bfEl inquilino no te paga?<br>  \u00bfLa familia crece y quieres cambiar de casa?<br>  \u00bfTienes un problema y necesitas un seguro?<br><br>  Nosotros te podemos ayudar\t\t\t\t\t<\/p>\n\t\t\t\t\n\t\t\t<\/div>\n\t\t\t\n\t\t<\/div>\n\t\t\t\t<\/div>\n\t\t\t\t<\/div>\n\t\t\t\t<div class=\"elementor-element elementor-element-8e52bda elementor-widget elementor-widget-button\" data-id=\"8e52bda\" data-element_type=\"widget\" data-widget_type=\"button.default\">\n\t\t\t\t<div class=\"elementor-widget-container\">\n\t\t\t\t\t\t\t<div class=\"elementor-button-wrapper\">\n\t\t\t\t\t<a class=\"elementor-button elementor-button-link elementor-size-sm\" href=\"https:\/\/lluisciercoles.com\/es\/contacto\/\">\n\t\t\t\t\t\t<span class=\"elementor-button-content-wrapper\">\n\t\t\t\t\t\t\t\t\t<span class=\"elementor-button-text\">Contacto<\/span>\n\t\t\t\t\t<\/span>\n\t\t\t\t\t<\/a>\n\t\t\t\t<\/div>\n\t\t\t\t\t\t<\/div>\n\t\t\t\t<\/div>\n\t\t\t\t<\/div>\n\t\t<div class=\"elementor-element elementor-element-2bc7911 e-con-full e-flex e-con e-child\" data-id=\"2bc7911\" data-element_type=\"container\">\n\t\t<div class=\"elementor-element elementor-element-4f52b2b e-con-full e-flex e-con e-child\" data-id=\"4f52b2b\" data-element_type=\"container\" data-settings=\"{&quot;background_background&quot;:&quot;classic&quot;}\">\n\t\t\t\t<div class=\"elementor-element elementor-element-4dccce5 elementor-widget__width-initial elementor-widget elementor-widget-icon-box\" data-id=\"4dccce5\" data-element_type=\"widget\" data-widget_type=\"icon-box.default\">\n\t\t\t\t<div class=\"elementor-widget-container\">\n\t\t\t\t\t<div class=\"elementor-icon-box-wrapper\">\n\n\t\t\t\n\t\t\t\t\t\t<div class=\"elementor-icon-box-content\">\n\n\t\t\t\t\t\t\t\t\t<h3 class=\"elementor-icon-box-title\">\n\t\t\t\t\t\t<a href=\"https:\/\/lluisciercoles.com\/administracio-de-finques\/\" >\n\t\t\t\t\t\t\tAdministraci\u00f3n de Fincas\t\t\t\t\t\t<\/a>\n\t\t\t\t\t<\/h3>\n\t\t\t\t\n\t\t\t\t\t\t\t\t\t<p class=\"elementor-icon-box-description\">\n\t\t\t\t\t\tNos hacemos cargo de la administraci\u00f3n de tu comunidad o de tu patrimonio inmobiliario para que t\u00fa no tengas que preocuparte de nada.\t\t\t\t\t<\/p>\n\t\t\t\t\n\t\t\t<\/div>\n\t\t\t\n\t\t<\/div>\n\t\t\t\t<\/div>\n\t\t\t\t<\/div>\n\t\t\t\t<\/div>\n\t\t<div class=\"elementor-element elementor-element-d3dc99a e-con-full e-flex e-con e-child\" data-id=\"d3dc99a\" data-element_type=\"container\" data-settings=\"{&quot;background_background&quot;:&quot;classic&quot;}\">\n\t\t\t\t<div class=\"elementor-element elementor-element-24b8837 elementor-widget__width-initial elementor-widget elementor-widget-icon-box\" data-id=\"24b8837\" data-element_type=\"widget\" data-widget_type=\"icon-box.default\">\n\t\t\t\t<div class=\"elementor-widget-container\">\n\t\t\t\t\t<div class=\"elementor-icon-box-wrapper\">\n\n\t\t\t\n\t\t\t\t\t\t<div class=\"elementor-icon-box-content\">\n\n\t\t\t\t\t\t\t\t\t<h3 class=\"elementor-icon-box-title\">\n\t\t\t\t\t\t<a href=\"https:\/\/lluisciercoles.com\/compra-venda-i-lloguer\/\" >\n\t\t\t\t\t\t\tCompra, venta y alquiler\t\t\t\t\t\t<\/a>\n\t\t\t\t\t<\/h3>\n\t\t\t\t\n\t\t\t\t\t\t\t\t\t<p class=\"elementor-icon-box-description\">\n\t\t\t\t\t\tNosotros nos ocupamos de todo: \u00bfBuscas piso? \u00bfQuieres vender tu casa? \u00bfTienes un local para alquilar?\t\t\t\t\t<\/p>\n\t\t\t\t\n\t\t\t<\/div>\n\t\t\t\n\t\t<\/div>\n\t\t\t\t<\/div>\n\t\t\t\t<\/div>\n\t\t\t\t<\/div>\n\t\t<div class=\"elementor-element elementor-element-3a89559 e-con-full e-flex e-con e-child\" data-id=\"3a89559\" data-element_type=\"container\" data-settings=\"{&quot;background_background&quot;:&quot;classic&quot;}\">\n\t\t\t\t<div class=\"elementor-element elementor-element-0416623 elementor-widget__width-initial elementor-widget elementor-widget-icon-box\" data-id=\"0416623\" data-element_type=\"widget\" data-widget_type=\"icon-box.default\">\n\t\t\t\t<div class=\"elementor-widget-container\">\n\t\t\t\t\t<div class=\"elementor-icon-box-wrapper\">\n\n\t\t\t\n\t\t\t\t\t\t<div class=\"elementor-icon-box-content\">\n\n\t\t\t\t\t\t\t\t\t<h3 class=\"elementor-icon-box-title\">\n\t\t\t\t\t\t<a href=\"https:\/\/lluisciercoles.com\/assegurances\/\" >\n\t\t\t\t\t\t\tSeguros\t\t\t\t\t\t<\/a>\n\t\t\t\t\t<\/h3>\n\t\t\t\t\n\t\t\t\t\t\t\t\t\t<p class=\"elementor-icon-box-description\">\n\t\t\t\t\t\tSeguros del hogar<br> Seguros de comunidad<br> Gesti\u00f3n de impagos de alquiler<br> Cualquier otro seguro que necesites (vida, veh\u00edculos, RC...)\t\t\t\t\t<\/p>\n\t\t\t\t\n\t\t\t<\/div>\n\t\t\t\n\t\t<\/div>\n\t\t\t\t<\/div>\n\t\t\t\t<\/div>\n\t\t\t\t<\/div>\n\t\t\t\t<\/div>\n\t\t\t\t<\/div>\n\t\t\t\t<\/div>\n\t\t","protected":false},"excerpt":{"rendered":"<p>Servicios \u00bfProblemas en tu comunidad? \u00bfEl inquilino no te paga? \u00bfLa familia crece y quieres cambiar de casa? \u00bfTienes un problema y necesitas un seguro? Nosotros te podemos ayudar Contacto Administraci\u00f3n de Fincas Nos hacemos cargo de la administraci\u00f3n de tu comunidad o de tu patrimonio inmobiliario para que t\u00fa no tengas que preocuparte de [&hellip;]<\/p>\n","protected":false},"author":1,"featured_media":90,"parent":0,"menu_order":0,"comment_status":"closed","ping_status":"closed","template":"","meta":{"footnotes":""},"class_list":["post-535","page","type-page","status-publish","has-post-thumbnail","hentry"],"yoast_head":"<!-- This site is optimized with the Yoast SEO plugin v24.0 - https:\/\/yoast.com\/wordpress\/plugins\/seo\/ -->\n<title>Servicios - Cierco Finques<\/title>\n<meta name=\"robots\" content=\"index, follow, max-snippet:-1, max-image-preview:large, max-video-preview:-1\" \/>\n<link rel=\"canonical\" href=\"https:\/\/lluisciercoles.com\/serveis\/\" \/>\n<meta property=\"og:locale\" content=\"es_ES\" \/>\n<meta property=\"og:type\" content=\"article\" \/>\n<meta property=\"og:title\" content=\"Servicios - Cierco Finques\" \/>\n<meta property=\"og:description\" content=\"Servicios \u00bfProblemas en tu comunidad? \u00bfEl inquilino no te paga? \u00bfLa familia crece y quieres cambiar de casa? \u00bfTienes un problema y necesitas un seguro? Nosotros te podemos ayudar Contacto Administraci\u00f3n de Fincas Nos hacemos cargo de la administraci\u00f3n de tu comunidad o de tu patrimonio inmobiliario para que t\u00fa no tengas que preocuparte de [&hellip;]\" \/>\n<meta property=\"og:url\" content=\"https:\/\/lluisciercoles.com\/serveis\/\" \/>\n<meta property=\"og:site_name\" content=\"Cierco Finques\" \/>\n<meta property=\"article:modified_time\" content=\"2024-11-23T18:44:21+00:00\" \/>\n<meta name=\"twitter:card\" content=\"summary_large_image\" \/>\n<meta name=\"twitter:label1\" content=\"Est. reading time\" \/>\n\t<meta name=\"twitter:data1\" content=\"1 minute\" \/>\n<script type=\"application\/ld+json\" class=\"yoast-schema-graph\">{\"@context\":\"https:\/\/schema.org\",\"@graph\":[{\"@type\":\"WebPage\",\"@id\":\"https:\/\/lluisciercoles.com\/serveis\/\",\"url\":\"https:\/\/lluisciercoles.com\/serveis\/\",\"name\":\"Servicios - Cierco Finques\",\"isPartOf\":{\"@id\":\"https:\/\/lluisciercoles.com\/#website\"},\"primaryImageOfPage\":{\"@id\":\"https:\/\/lluisciercoles.com\/serveis\/#primaryimage\"},\"image\":{\"@id\":\"https:\/\/lluisciercoles.com\/serveis\/#primaryimage\"},\"thumbnailUrl\":\"https:\/\/lluisciercoles.com\/wp-content\/uploads\/2024\/09\/Cierco-Finques-Contacte-Mans-1-scaled.jpg\",\"datePublished\":\"2024-09-26T13:48:28+00:00\",\"dateModified\":\"2024-11-23T18:44:21+00:00\",\"breadcrumb\":{\"@id\":\"https:\/\/lluisciercoles.com\/serveis\/#breadcrumb\"},\"inLanguage\":\"ES\",\"potentialAction\":[{\"@type\":\"ReadAction\",\"target\":[\"https:\/\/lluisciercoles.com\/serveis\/\"]}]},{\"@type\":\"ImageObject\",\"inLanguage\":\"ES\",\"@id\":\"https:\/\/lluisciercoles.com\/serveis\/#primaryimage\",\"url\":\"https:\/\/lluisciercoles.com\/wp-content\/uploads\/2024\/09\/Cierco-Finques-Contacte-Mans-1-scaled.jpg\",\"contentUrl\":\"https:\/\/lluisciercoles.com\/wp-content\/uploads\/2024\/09\/Cierco-Finques-Contacte-Mans-1-scaled.jpg\",\"width\":1707,\"height\":2560},{\"@type\":\"BreadcrumbList\",\"@id\":\"https:\/\/lluisciercoles.com\/serveis\/#breadcrumb\",\"itemListElement\":[{\"@type\":\"ListItem\",\"position\":1,\"name\":\"Inici\",\"item\":\"https:\/\/lluisciercoles.com\/es\/inicio\/\"},{\"@type\":\"ListItem\",\"position\":2,\"name\":\"Servicios\"}]},{\"@type\":\"WebSite\",\"@id\":\"https:\/\/lluisciercoles.com\/#website\",\"url\":\"https:\/\/lluisciercoles.com\/\",\"name\":\"Llu\u00eds Ci\u00e9rcoles\",\"description\":\"Lluis Ci\u00e9rcoles. Administrador de finques\",\"publisher\":{\"@id\":\"https:\/\/lluisciercoles.com\/#organization\"},\"potentialAction\":[{\"@type\":\"SearchAction\",\"target\":{\"@type\":\"EntryPoint\",\"urlTemplate\":\"https:\/\/lluisciercoles.com\/?s={search_term_string}\"},\"query-input\":{\"@type\":\"PropertyValueSpecification\",\"valueRequired\":true,\"valueName\":\"search_term_string\"}}],\"inLanguage\":\"ES\"},{\"@type\":\"Organization\",\"@id\":\"https:\/\/lluisciercoles.com\/#organization\",\"name\":\"Llu\u00eds Ci\u00e9rcoles\",\"url\":\"https:\/\/lluisciercoles.com\/\",\"logo\":{\"@type\":\"ImageObject\",\"inLanguage\":\"ES\",\"@id\":\"https:\/\/lluisciercoles.com\/#\/schema\/logo\/image\/\",\"url\":\"https:\/\/lluisciercoles.com\/wp-content\/uploads\/2024\/09\/Lluis-Ciercoles-Logotip-H-Color.png\",\"contentUrl\":\"https:\/\/lluisciercoles.com\/wp-content\/uploads\/2024\/09\/Lluis-Ciercoles-Logotip-H-Color.png\",\"width\":1100,\"height\":296,\"caption\":\"Llu\u00eds Ci\u00e9rcoles\"},\"image\":{\"@id\":\"https:\/\/lluisciercoles.com\/#\/schema\/logo\/image\/\"}}]}<\/script>\n<!-- \/ Yoast SEO plugin. -->","yoast_head_json":{"title":"Servicios - Cierco Finques","robots":{"index":"index","follow":"follow","max-snippet":"max-snippet:-1","max-image-preview":"max-image-preview:large","max-video-preview":"max-video-preview:-1"},"canonical":"https:\/\/lluisciercoles.com\/serveis\/","og_locale":"es_ES","og_type":"article","og_title":"Servicios - Cierco Finques","og_description":"Servicios \u00bfProblemas en tu comunidad? \u00bfEl inquilino no te paga? \u00bfLa familia crece y quieres cambiar de casa? \u00bfTienes un problema y necesitas un seguro? Nosotros te podemos ayudar Contacto Administraci\u00f3n de Fincas Nos hacemos cargo de la administraci\u00f3n de tu comunidad o de tu patrimonio inmobiliario para que t\u00fa no tengas que preocuparte de [&hellip;]","og_url":"https:\/\/lluisciercoles.com\/serveis\/","og_site_name":"Cierco Finques","article_modified_time":"2024-11-23T18:44:21+00:00","twitter_card":"summary_large_image","twitter_misc":{"Est. reading time":"1 minute"},"schema":{"@context":"https:\/\/schema.org","@graph":[{"@type":"WebPage","@id":"https:\/\/lluisciercoles.com\/serveis\/","url":"https:\/\/lluisciercoles.com\/serveis\/","name":"Servicios - Cierco Finques","isPartOf":{"@id":"https:\/\/lluisciercoles.com\/#website"},"primaryImageOfPage":{"@id":"https:\/\/lluisciercoles.com\/serveis\/#primaryimage"},"image":{"@id":"https:\/\/lluisciercoles.com\/serveis\/#primaryimage"},"thumbnailUrl":"https:\/\/lluisciercoles.com\/wp-content\/uploads\/2024\/09\/Cierco-Finques-Contacte-Mans-1-scaled.jpg","datePublished":"2024-09-26T13:48:28+00:00","dateModified":"2024-11-23T18:44:21+00:00","breadcrumb":{"@id":"https:\/\/lluisciercoles.com\/serveis\/#breadcrumb"},"inLanguage":"ES","potentialAction":[{"@type":"ReadAction","target":["https:\/\/lluisciercoles.com\/serveis\/"]}]},{"@type":"ImageObject","inLanguage":"ES","@id":"https:\/\/lluisciercoles.com\/serveis\/#primaryimage","url":"https:\/\/lluisciercoles.com\/wp-content\/uploads\/2024\/09\/Cierco-Finques-Contacte-Mans-1-scaled.jpg","contentUrl":"https:\/\/lluisciercoles.com\/wp-content\/uploads\/2024\/09\/Cierco-Finques-Contacte-Mans-1-scaled.jpg","width":1707,"height":2560},{"@type":"BreadcrumbList","@id":"https:\/\/lluisciercoles.com\/serveis\/#breadcrumb","itemListElement":[{"@type":"ListItem","position":1,"name":"Inici","item":"https:\/\/lluisciercoles.com\/es\/inicio\/"},{"@type":"ListItem","position":2,"name":"Servicios"}]},{"@type":"WebSite","@id":"https:\/\/lluisciercoles.com\/#website","url":"https:\/\/lluisciercoles.com\/","name":"Llu\u00eds Ci\u00e9rcoles","description":"Lluis Ci\u00e9rcoles. Administrador de finques","publisher":{"@id":"https:\/\/lluisciercoles.com\/#organization"},"potentialAction":[{"@type":"SearchAction","target":{"@type":"EntryPoint","urlTemplate":"https:\/\/lluisciercoles.com\/?s={search_term_string}"},"query-input":{"@type":"PropertyValueSpecification","valueRequired":true,"valueName":"search_term_string"}}],"inLanguage":"ES"},{"@type":"Organization","@id":"https:\/\/lluisciercoles.com\/#organization","name":"Llu\u00eds Ci\u00e9rcoles","url":"https:\/\/lluisciercoles.com\/","logo":{"@type":"ImageObject","inLanguage":"ES","@id":"https:\/\/lluisciercoles.com\/#\/schema\/logo\/image\/","url":"https:\/\/lluisciercoles.com\/wp-content\/uploads\/2024\/09\/Lluis-Ciercoles-Logotip-H-Color.png","contentUrl":"https:\/\/lluisciercoles.com\/wp-content\/uploads\/2024\/09\/Lluis-Ciercoles-Logotip-H-Color.png","width":1100,"height":296,"caption":"Llu\u00eds Ci\u00e9rcoles"},"image":{"@id":"https:\/\/lluisciercoles.com\/#\/schema\/logo\/image\/"}}]}},"_links":{"self":[{"href":"https:\/\/lluisciercoles.com\/es\/wp-json\/wp\/v2\/pages\/535","targetHints":{"allow":["GET"]}}],"collection":[{"href":"https:\/\/lluisciercoles.com\/es\/wp-json\/wp\/v2\/pages"}],"about":[{"href":"https:\/\/lluisciercoles.com\/es\/wp-json\/wp\/v2\/types\/page"}],"author":[{"embeddable":true,"href":"https:\/\/lluisciercoles.com\/es\/wp-json\/wp\/v2\/users\/1"}],"replies":[{"embeddable":true,"href":"https:\/\/lluisciercoles.com\/es\/wp-json\/wp\/v2\/comments?post=535"}],"version-history":[{"count":2,"href":"https:\/\/lluisciercoles.com\/es\/wp-json\/wp\/v2\/pages\/535\/revisions"}],"predecessor-version":[{"id":552,"href":"https:\/\/lluisciercoles.com\/es\/wp-json\/wp\/v2\/pages\/535\/revisions\/552"}],"wp:featuredmedia":[{"embeddable":true,"href":"https:\/\/lluisciercoles.com\/es\/wp-json\/wp\/v2\/media\/90"}],"wp:attachment":[{"href":"https:\/\/lluisciercoles.com\/es\/wp-json\/wp\/v2\/media?parent=535"}],"curies":[{"name":"wp","href":"https:\/\/api.w.org\/{rel}","templated":true}]}}